{"id":556,"date":"2021-12-23T14:04:00","date_gmt":"2021-12-23T14:04:00","guid":{"rendered":"https:\/\/rxg3d.com\/site\/?page_id=556"},"modified":"2021-12-23T14:38:49","modified_gmt":"2021-12-23T14:38:49","slug":"rxg3d","status":"publish","type":"page","link":"https:\/\/rxg3d.com\/site\/","title":{"rendered":"RXG3D"},"content":{"rendered":"\t\t<div data-elementor-type=\"wp-page\" data-elementor-id=\"556\" class=\"elementor elementor-556\" data-elementor-settings=\"[]\">\n\t\t\t\t\t\t\t<div class=\"elementor-section-wrap\">\n\t\t\t\t\t\t\t<section class=\"elementor-section elementor-top-section elementor-element elementor-element-43c6948 elementor-section-full_width elementor-section-height-min-height elementor-section-height-default elementor-section-items-middle\" data-id=\"43c6948\" data-element_type=\"section\" data-settings=\"{&quot;background_background&quot;:&quot;slideshow&quot;,&quot;background_slideshow_gallery&quot;:[{&quot;id&quot;:567,&quot;url&quot;:&quot;https:\\\/\\\/rxg3d.com\\\/site\\\/wp-content\\\/uploads\\\/2021\\\/12\\\/rxg1.jpg&quot;},{&quot;id&quot;:571,&quot;url&quot;:&quot;https:\\\/\\\/rxg3d.com\\\/site\\\/wp-content\\\/uploads\\\/2021\\\/12\\\/rxg5.jpg&quot;},{&quot;id&quot;:568,&quot;url&quot;:&quot;https:\\\/\\\/rxg3d.com\\\/site\\\/wp-content\\\/uploads\\\/2021\\\/12\\\/rxg2.jpg&quot;},{&quot;id&quot;:569,&quot;url&quot;:&quot;https:\\\/\\\/rxg3d.com\\\/site\\\/wp-content\\\/uploads\\\/2021\\\/12\\\/rxg3.jpg&quot;},{&quot;id&quot;:570,&quot;url&quot;:&quot;https:\\\/\\\/rxg3d.com\\\/site\\\/wp-content\\\/uploads\\\/2021\\\/12\\\/rxg4.jpg&quot;}],&quot;background_slideshow_ken_burns&quot;:&quot;yes&quot;,&quot;background_slideshow_loop&quot;:&quot;yes&quot;,&quot;background_slideshow_slide_duration&quot;:5000,&quot;background_slideshow_slide_transition&quot;:&quot;fade&quot;,&quot;background_slideshow_transition_duration&quot;:500,&quot;background_slideshow_ken_burns_zoom_direction&quot;:&quot;in&quot;}\">\n\t\t\t\t\t\t\t<div class=\"elementor-background-overlay\"><\/div>\n\t\t\t\t\t\t\t<div class=\"elementor-container elementor-column-gap-default\">\n\t\t\t\t\t<div class=\"elementor-column elementor-col-100 elementor-top-column elementor-element elementor-element-a440504\" data-id=\"a440504\" data-element_type=\"column\">\n\t\t\t<div class=\"elementor-widget-wrap elementor-element-populated\">\n\t\t\t\t\t\t\t\t<div class=\"elementor-element elementor-element-baba041 elementor-widget elementor-widget-image\" data-id=\"baba041\" data-element_type=\"widget\" data-widget_type=\"image.default\">\n\t\t\t\t<div class=\"elementor-widget-container\">\n\t\t\t<style>\/*! elementor - v3.5.2 - 22-12-2021 *\/\n.elementor-widget-image{text-align:center}.elementor-widget-image a{display:inline-block}.elementor-widget-image a img[src$=\".svg\"]{width:48px}.elementor-widget-image img{vertical-align:middle;display:inline-block}<\/style>\t\t\t\t\t\t\t\t\t\t\t\t<img width=\"306\" height=\"96\" src=\"https:\/\/rxg3d.com\/site\/wp-content\/uploads\/2021\/12\/logo-slim.png\" class=\"attachment-full size-full\" alt=\"\" loading=\"lazy\" srcset=\"https:\/\/rxg3d.com\/site\/wp-content\/uploads\/2021\/12\/logo-slim.png 306w, https:\/\/rxg3d.com\/site\/wp-content\/uploads\/2021\/12\/logo-slim-300x94.png 300w\" sizes=\"(max-width: 306px) 100vw, 306px\" \/>\t\t\t\t\t\t\t\t\t\t\t\t\t\t\t<\/div>\n\t\t\t\t<\/div>\n\t\t\t\t<div class=\"elementor-element elementor-element-d0ba73c elementor-widget elementor-widget-heading\" data-id=\"d0ba73c\" data-element_type=\"widget\" data-widget_type=\"heading.default\">\n\t\t\t\t<div class=\"elementor-widget-container\">\n\t\t\t<style>\/*! elementor - v3.5.2 - 22-12-2021 *\/\n.elementor-heading-title{padding:0;margin:0;line-height:1}.elementor-widget-heading .elementor-heading-title[class*=elementor-size-]>a{color:inherit;font-size:inherit;line-height:inherit}.elementor-widget-heading .elementor-heading-title.elementor-size-small{font-size:15px}.elementor-widget-heading .elementor-heading-title.elementor-size-medium{font-size:19px}.elementor-widget-heading .elementor-heading-title.elementor-size-large{font-size:29px}.elementor-widget-heading .elementor-heading-title.elementor-size-xl{font-size:39px}.elementor-widget-heading .elementor-heading-title.elementor-size-xxl{font-size:59px}<\/style><h1 class=\"elementor-heading-title elementor-size-default\">Modela\u00e7\u00e3o e visualiza\u00e7\u00e3o 3D<\/h1>\t\t<\/div>\n\t\t\t\t<\/div>\n\t\t\t\t<div class=\"elementor-element elementor-element-3eb5795 elementor-widget elementor-widget-heading\" data-id=\"3eb5795\" data-element_type=\"widget\" data-widget_type=\"heading.default\">\n\t\t\t\t<div class=\"elementor-widget-container\">\n\t\t\t<h2 class=\"elementor-heading-title elementor-size-default\">rui.xavier@rxg3d.com <\/h2>\t\t<\/div>\n\t\t\t\t<\/div>\n\t\t\t\t<div class=\"elementor-element elementor-element-d786e1e elementor-widget elementor-widget-heading\" data-id=\"d786e1e\" data-element_type=\"widget\" data-widget_type=\"heading.default\">\n\t\t\t\t<div class=\"elementor-widget-container\">\n\t\t\t<p class=\"elementor-heading-title elementor-size-default\">brevemente novo website<\/p>\t\t<\/div>\n\t\t\t\t<\/div>\n\t\t\t\t\t<\/div>\n\t\t<\/div>\n\t\t\t\t\t\t\t<\/div>\n\t\t<\/section>\n\t\t\t\t\t\t<\/div>\n\t\t\t\t\t<\/div>\n\t\t","protected":false},"excerpt":{"rendered":"<p>Modela\u00e7\u00e3o e visualiza\u00e7\u00e3o 3D rui.xavier@rxg3d.com brevemente novo website<\/p>\n","protected":false},"author":3,"featured_media":0,"parent":0,"menu_order":0,"comment_status":"closed","ping_status":"closed","template":"elementor_canvas","meta":[],"_links":{"self":[{"href":"https:\/\/rxg3d.com\/site\/wp-json\/wp\/v2\/pages\/556"}],"collection":[{"href":"https:\/\/rxg3d.com\/site\/wp-json\/wp\/v2\/pages"}],"about":[{"href":"https:\/\/rxg3d.com\/site\/wp-json\/wp\/v2\/types\/page"}],"author":[{"embeddable":true,"href":"https:\/\/rxg3d.com\/site\/wp-json\/wp\/v2\/users\/3"}],"replies":[{"embeddable":true,"href":"https:\/\/rxg3d.com\/site\/wp-json\/wp\/v2\/comments?post=556"}],"version-history":[{"count":22,"href":"https:\/\/rxg3d.com\/site\/wp-json\/wp\/v2\/pages\/556\/revisions"}],"predecessor-version":[{"id":593,"href":"https:\/\/rxg3d.com\/site\/wp-json\/wp\/v2\/pages\/556\/revisions\/593"}],"wp:attachment":[{"href":"https:\/\/rxg3d.com\/site\/wp-json\/wp\/v2\/media?parent=556"}],"curies":[{"name":"wp","href":"https:\/\/api.w.org\/{rel}","templated":true}]}}